{"id":193,"date":"2022-09-10T15:28:13","date_gmt":"2022-09-10T13:28:13","guid":{"rendered":"https:\/\/www.emvas.fr\/?page_id=193"},"modified":"2023-03-14T19:10:48","modified_gmt":"2023-03-14T18:10:48","slug":"seances-audio","status":"publish","type":"page","link":"https:\/\/www.emvas.fr\/index.php\/seances-audio\/","title":{"rendered":"Boutique"},"content":{"rendered":"\n<p>Ici vous trouverez les produits que nous avons cr\u00e9\u00e9s pour vous. <\/p>\n\n\n\n<p>Il y a d&rsquo;une part un ebook rempli de recettes anti-inflammatoires, parfaites pour lutter contre l&rsquo;endom\u00e9triose mais utiles pour tout le monde. Nous avons fait attention de vous partager de bonnes recettes app\u00e9tissantes. L&rsquo;argent r\u00e9colt\u00e9 par la vente de cet ebook aidera l&rsquo;association \u00e0 se d\u00e9velopper et cr\u00e9er de nouveaux projets.<\/p>\n\n\n\n<p>Nous vous proposons \u00e9galement des s\u00e9ances audio \u00e9coutables o\u00f9 vous le souhaitez et quand vous le voulez sur les th\u00e8mes de la <strong>Gestion des douleurs li\u00e9es \u00e0 l&rsquo;endom\u00e9triose<\/strong> et l&rsquo;<strong>Harmonie avec soi-m\u00eame<\/strong><\/p>\n\n\n\n<p>Vous pouvez acheter ces s\u00e9ances qui sont regroup\u00e9es au sein de 2 packs distincts :<\/p>\n\n\n\n<p><strong>Pack gestion de la douleur :<\/strong><br>&#8211; une s\u00e9ance d&rsquo;hypnose de base gestion de la douleur<br>&#8211; une s\u00e9ance d&rsquo;hypnose gestion de la douleur \u00ab\u00a0le gant anesth\u00e9siant\u00a0\u00bb<br>&#8211; une s\u00e9ance de sophro d\u00e9placement de la douleur<br>&#8211; une s\u00e9ance de m\u00e9ditation body scan et d\u00e9tente corporelle<br>&#8211; une s\u00e9ance d&rsquo;hypnose de mobilisation de ses ressources pour faire face \u00e0 la douleur<br>&#8211; une s\u00e9ance de relaxation du psoas et du petit bassin<\/p>\n\n\n\n<p><strong>Pack harmonie avec soi m\u00eame et avec son corps :<\/strong><br>&#8211; s\u00e9ance de m\u00e9ditation \u00ab\u00a0amour bienveillant\u00a0\u00bb<br>&#8211; s\u00e9ance de m\u00e9ditation \u00ab\u00a0accueillir les \u00e9motions difficiles\u00a0\u00bb<br>&#8211; s\u00e9ance de sophro vivance du positif<br>&#8211; s\u00e9ance de relaxation dynamique \u00ab\u00a0harmonie avec son corps\u00a0\u00bb<\/p>\n\n\n\n<p>Ou acheter simplement les s\u00e9ances individuelles :<\/p>\n\n\n\n<ul class=\"wp-block-list\">\n<li>S\u00e9ance hypnose de nettoyage des l\u00e9sions d&rsquo;endom\u00e9triose<\/li>\n\n\n\n<li>S\u00e9ance hypnose de base gestion de la douleur<\/li>\n<\/ul>\n\n\n\n<p>Vous pouvez \u00e9galement <a href=\"\/wp-content\/uploads\/2022\/09\/Em-Vas-Interview-Lucie-Calvet-Teullet.mp3\" data-type=\"URL\" data-id=\"\/wp-content\/uploads\/2022\/09\/Em-Vas-Interview-Lucie-Calvet-Teullet.mp3\">t\u00e9l\u00e9charger ici<\/a> notre Interview podcast \u00ab\u00a0Vers une alimentation anti inflammatoire\u00a0\u00bb avec Adeline et Lucie ou l&rsquo;\u00e9couter directement ici.<\/p>\n\n\n\n<figure class=\"wp-block-audio\"><audio controls src=\"https:\/\/www.emvas.fr\/wp-content\/uploads\/2022\/09\/Em-Vas-Interview-Lucie-Calvet-Teullet.mp3\"><\/audio><\/figure>\n\n\n\n<div style=\"height:53px\" aria-hidden=\"true\" class=\"wp-block-spacer\"><\/div>\n\n\n\n<iframe id=\"haWidget\" allowtransparency=\"true\" scrolling=\"auto\" src=\"https:\/\/www.helloasso.com\/associations\/em-vas\/boutiques\/proposition-seance-audio\/widget\" style=\"width: 100%; height: 750px; border: none;\" onload=\"window.scroll(0, this.offsetTop)\"><\/iframe>\n","protected":false},"excerpt":{"rendered":"<p>Ici vous trouverez les produits que nous avons cr\u00e9\u00e9s pour vous. Il y a d&rsquo;une part un ebook rempli de recettes anti-inflammatoires, parfaites pour lutter contre l&rsquo;endom\u00e9triose mais utiles pour tout le monde. Nous avons fait attention de vous partager de bonnes recettes app\u00e9tissantes. L&rsquo;argent r\u00e9colt\u00e9 par la vente de cet ebook aidera l&rsquo;association \u00e0&hellip;&nbsp;<a href=\"https:\/\/www.emvas.fr\/index.php\/seances-audio\/\" class=\"\" rel=\"bookmark\">Lire la suite &raquo;<span class=\"screen-reader-text\">Boutique<\/span><\/a><\/p>\n","protected":false},"author":1,"featured_media":0,"parent":0,"menu_order":0,"comment_status":"closed","ping_status":"closed","template":"","meta":{"neve_meta_sidebar":"","neve_meta_container":"","neve_meta_enable_content_width":"","neve_meta_content_width":0,"neve_meta_title_alignment":"","neve_meta_author_avatar":"","neve_post_elements_order":"","neve_meta_disable_header":"","neve_meta_disable_footer":"","neve_meta_disable_title":"","footnotes":""},"class_list":["post-193","page","type-page","status-publish","hentry"],"_links":{"self":[{"href":"https:\/\/www.emvas.fr\/index.php\/wp-json\/wp\/v2\/pages\/193","targetHints":{"allow":["GET"]}}],"collection":[{"href":"https:\/\/www.emvas.fr\/index.php\/wp-json\/wp\/v2\/pages"}],"about":[{"href":"https:\/\/www.emvas.fr\/index.php\/wp-json\/wp\/v2\/types\/page"}],"author":[{"embeddable":true,"href":"https:\/\/www.emvas.fr\/index.php\/wp-json\/wp\/v2\/users\/1"}],"replies":[{"embeddable":true,"href":"https:\/\/www.emvas.fr\/index.php\/wp-json\/wp\/v2\/comments?post=193"}],"version-history":[{"count":9,"href":"https:\/\/www.emvas.fr\/index.php\/wp-json\/wp\/v2\/pages\/193\/revisions"}],"predecessor-version":[{"id":297,"href":"https:\/\/www.emvas.fr\/index.php\/wp-json\/wp\/v2\/pages\/193\/revisions\/297"}],"wp:attachment":[{"href":"https:\/\/www.emvas.fr\/index.php\/wp-json\/wp\/v2\/media?parent=193"}],"curies":[{"name":"wp","href":"https:\/\/api.w.org\/{rel}","templated":true}]}}