{"id":30,"date":"2022-03-28T19:20:07","date_gmt":"2022-03-28T17:20:07","guid":{"rendered":"http:\/\/emvasfq.cluster029.hosting.ovh.net\/?page_id=30"},"modified":"2022-09-13T19:36:02","modified_gmt":"2022-09-13T17:36:02","slug":"nos-activites","status":"publish","type":"page","link":"https:\/\/www.emvas.fr\/index.php\/nos-activites\/","title":{"rendered":"Nos Activit\u00e9s"},"content":{"rendered":"\n<h2 class=\"wp-block-heading\">Notre Proposition<\/h2>\n\n\n\n<ul class=\"wp-block-list\"><li>un accompagnement sp\u00e9cialis\u00e9 \u00e0 destination des <strong>cavalier-\u00e8re-s et passionn\u00e9-e-s du monde du cheval <\/strong>pour devenir \u00ab\u00a0l&rsquo;humain-e dont votre cheval a besoin\u00a0\u00bb.<\/li><li>un accompagnement sp\u00e9cifique autour de la <strong>parentalit\u00e9 et de la p\u00e9rinatalit\u00e9<\/strong> (parcours PMA, grossesse, deuil p\u00e9rinatal, pr\u00e9vention du burn out parental, etc.).<\/li><li>des activit\u00e9s d\u2019<strong>\u00e9panouissement personnel\u00a0<\/strong><\/li><li>des activit\u00e9s de <strong>reconnexion \u00e0 la nature <\/strong>: bains de for\u00eat, \u00e9copsychologie, \u00e9qui-sophro pour les non cavaliers, etc.\u00a0<\/li><\/ul>\n\n\n\n<p>un accompagnement \u00e0 destination des <strong>collectifs <\/strong>(entreprises, associations, etc.) afin d\u2019int\u00e9grer dans leur fonctionnement des m\u00e9thodes de la gouvernance partag\u00e9e et de l\u2019intelligence collective.&nbsp;<\/p>\n\n\n\n<p>Em Vas d\u00e9veloppe un accompagnement particulier pour les aidants, parents, familles et accompagnants de personnes en situation de handicap ou de maladies, ainsi qu\u2019un accompagnement \u00e0 destination du public en insertion sociale et professionnelle, en collaboration avec des structures sp\u00e9cialis\u00e9es.&nbsp;<\/p>\n\n\n\n<p>Em Vas peut \u00eatre amen\u00e9e \u00e0 proposer des ateliers collectifs (s\u00e9minaires, consulting, formations, etc.) dans les domaines de ses comp\u00e9tences.&nbsp;<\/p>\n\n\n\n<p>Partant du principe que l\u2019\u00e9panouissement des individus est un pr\u00e9requis pour contribuer positivement \u00e0 la soci\u00e9t\u00e9 et pour la protection de la plan\u00e8te et la pr\u00e9servation de l\u2019environnement, Em vas propose pour les structures qui le souhaitent : relecture, coaching des valeurs, ressourcements militants, apports de l&rsquo;\u00e9ducation \u00e0 la citoyennet\u00e9 mondiale, etc.&nbsp;<\/p>\n\n\n\n<p>Em Vas a \u00e0 c\u0153ur de <strong>diffuser ses pratiques aupr\u00e8s de publics divers<\/strong> (particuli\u00e8rement en direction des publics pour lesquels une d\u00e9marche individuelle pourrait \u00eatre difficile) et d\u2019en permettre l\u2019acc\u00e8s \u00e0 tous\/toutes en d\u00e9veloppant des partenariats adapt\u00e9s \u00e0 chaque organisation.&nbsp;<\/p>\n\n\n\n<p>Dans une logique de compl\u00e9mentarit\u00e9 et d\u2019\u00e9mulation, Em Vas promeut le d\u00e9veloppement de partenariats avec d\u2019autres structures professionnelles du secteur du bien-\u00eatre, du secteur th\u00e9rapeutique ou m\u00e9dical, du d\u00e9veloppement personnel et de l\u2019accompagnement individuel et collectif.&nbsp;<\/p>\n\n\n\n<p>Em Vas veille \u00e0 l\u2019\u00e9panouissement personnel et \u00e0 l\u2019accompagnement du cheminement de ses b\u00e9n\u00e9voles et adh\u00e9rent-e-s en mettant l\u2019accent sur les espaces de convivialit\u00e9 et de ressourcement et en permettant un acc\u00e8s privil\u00e9gi\u00e9 aux activit\u00e9s propos\u00e9es.&nbsp;<\/p>\n\n\n\n<p>Em Vas souhaite <strong>favoriser l&rsquo;acc\u00e8s \u00e0 toutes et tous aux activit\u00e9s de bien-\u00eatre<\/strong> : son mod\u00e8le \u00e9conomique s&rsquo;adapte en fonction des activit\u00e9s pour permettre \u00e0 chacun-e de pouvoir participer en fonction de ses possibilit\u00e9s.<\/p>\n\n\n\n<div class=\"wp-block-columns alignwide has-nv-light-bg-background-color has-background is-layout-flex wp-container-core-columns-is-layout-9d6595d7 wp-block-columns-is-layout-flex\">\n<div class=\"wp-block-column is-layout-flow wp-block-column-is-layout-flow\">\n<figure class=\"wp-block-image size-large\"><img loading=\"lazy\" decoding=\"async\" width=\"1024\" height=\"683\" src=\"http:\/\/emvasfq.cluster029.hosting.ovh.net\/wp-content\/uploads\/2022\/03\/katerina-jerabkova-6CLBoiWuzSU-unsplash-1024x683.jpg\" alt=\"\" class=\"wp-image-59\" srcset=\"https:\/\/www.emvas.fr\/wp-content\/uploads\/2022\/03\/katerina-jerabkova-6CLBoiWuzSU-unsplash-1024x683.jpg 1024w, https:\/\/www.emvas.fr\/wp-content\/uploads\/2022\/03\/katerina-jerabkova-6CLBoiWuzSU-unsplash-300x200.jpg 300w, https:\/\/www.emvas.fr\/wp-content\/uploads\/2022\/03\/katerina-jerabkova-6CLBoiWuzSU-unsplash-768x512.jpg 768w, https:\/\/www.emvas.fr\/wp-content\/uploads\/2022\/03\/katerina-jerabkova-6CLBoiWuzSU-unsplash-1536x1024.jpg 1536w, https:\/\/www.emvas.fr\/wp-content\/uploads\/2022\/03\/katerina-jerabkova-6CLBoiWuzSU-unsplash-2048x1365.jpg 2048w, https:\/\/www.emvas.fr\/wp-content\/uploads\/2022\/03\/katerina-jerabkova-6CLBoiWuzSU-unsplash-930x620.jpg 930w\" sizes=\"auto, (max-width: 1024px) 100vw, 1024px\" \/><\/figure>\n\n\n\n<h3 class=\"has-text-align-center wp-block-heading\">Accompagnement <br>corps &amp; esprit<\/h3>\n\n\n\n<hr class=\"wp-block-separator has-text-color has-neve-button-color-color has-css-opacity has-neve-button-color-background-color has-background is-style-default\"\/>\n\n\n\n<p class=\"has-text-align-center\">Que ce soit par des s\u00e9ances individuelles, collectives, ou des ateliers th\u00e9matiques, nous vous proposons un accompagnement adapt\u00e9 \u00e0 vos besoins pour tendre vers un mieux-\u00eatre et une meilleure harmonie avec vous-m\u00eame.<\/p>\n\n\n\n<div class=\"wp-block-buttons is-content-justification-center is-layout-flex wp-container-core-buttons-is-layout-16018d1d wp-block-buttons-is-layout-flex\">\n<div class=\"wp-block-button is-style-secondary\"><a class=\"wp-block-button__link\" href=\"\/index.php\/accompagnement-corps-et-esprit\">En savoir plus<\/a><\/div>\n<\/div>\n<\/div>\n\n\n\n<div class=\"wp-block-column is-layout-flow wp-block-column-is-layout-flow\">\n<figure class=\"wp-block-image size-large\"><img loading=\"lazy\" decoding=\"async\" width=\"1024\" height=\"684\" src=\"https:\/\/www.emvas.fr\/wp-content\/uploads\/2022\/04\/jez-timms-pdR9sdvdb7Y-unsplash-1024x684.jpg\" alt=\"\" class=\"wp-image-105\" srcset=\"https:\/\/www.emvas.fr\/wp-content\/uploads\/2022\/04\/jez-timms-pdR9sdvdb7Y-unsplash-1024x684.jpg 1024w, https:\/\/www.emvas.fr\/wp-content\/uploads\/2022\/04\/jez-timms-pdR9sdvdb7Y-unsplash-300x200.jpg 300w, https:\/\/www.emvas.fr\/wp-content\/uploads\/2022\/04\/jez-timms-pdR9sdvdb7Y-unsplash-768x513.jpg 768w, https:\/\/www.emvas.fr\/wp-content\/uploads\/2022\/04\/jez-timms-pdR9sdvdb7Y-unsplash-1536x1025.jpg 1536w, https:\/\/www.emvas.fr\/wp-content\/uploads\/2022\/04\/jez-timms-pdR9sdvdb7Y-unsplash-2048x1367.jpg 2048w, https:\/\/www.emvas.fr\/wp-content\/uploads\/2022\/04\/jez-timms-pdR9sdvdb7Y-unsplash-930x620.jpg 930w\" sizes=\"auto, (max-width: 1024px) 100vw, 1024px\" \/><\/figure>\n\n\n\n<h3 class=\"has-text-align-center wp-block-heading\">Equi Sophro<\/h3>\n\n\n\n<hr class=\"wp-block-separator has-text-color has-neve-button-color-color has-css-opacity has-neve-button-color-background-color has-background is-style-default\"\/>\n\n\n\n<p class=\"has-text-align-center\">L\u2019\u00e9qui-sophro et l\u2019\u00e9qui-coaching s\u2019adressent \u00e0 toute personne, cavali\u00e8re ou non. Venez d\u00e9couvrir les diff\u00e9rents accompagnements que l\u2019association propose avec la m\u00e9diation du cheval.<\/p>\n\n\n\n<div class=\"wp-block-buttons is-content-justification-center is-layout-flex wp-container-core-buttons-is-layout-16018d1d wp-block-buttons-is-layout-flex\">\n<div class=\"wp-block-button is-style-secondary\"><a class=\"wp-block-button__link\" href=\"https:\/\/www.emvas.fr\/index.php\/equi-sophro\/\">En savoir plus<\/a><\/div>\n<\/div>\n<\/div>\n<\/div>\n\n\n\n<div class=\"wp-block-columns alignwide has-neve-link-color-background-color has-background is-layout-flex wp-container-core-columns-is-layout-9d6595d7 wp-block-columns-is-layout-flex\">\n<div class=\"wp-block-column is-layout-flow wp-block-column-is-layout-flow\">\n<figure class=\"wp-block-image size-large\"><img loading=\"lazy\" decoding=\"async\" width=\"1024\" height=\"683\" src=\"https:\/\/www.emvas.fr\/wp-content\/uploads\/2022\/09\/insung-yoon-iioAHjNYA_o-unsplash-1024x683.jpg\" alt=\"\" class=\"wp-image-179\" srcset=\"https:\/\/www.emvas.fr\/wp-content\/uploads\/2022\/09\/insung-yoon-iioAHjNYA_o-unsplash-1024x683.jpg 1024w, https:\/\/www.emvas.fr\/wp-content\/uploads\/2022\/09\/insung-yoon-iioAHjNYA_o-unsplash-300x200.jpg 300w, https:\/\/www.emvas.fr\/wp-content\/uploads\/2022\/09\/insung-yoon-iioAHjNYA_o-unsplash-768x512.jpg 768w, https:\/\/www.emvas.fr\/wp-content\/uploads\/2022\/09\/insung-yoon-iioAHjNYA_o-unsplash-1536x1024.jpg 1536w, https:\/\/www.emvas.fr\/wp-content\/uploads\/2022\/09\/insung-yoon-iioAHjNYA_o-unsplash-2048x1365.jpg 2048w, https:\/\/www.emvas.fr\/wp-content\/uploads\/2022\/09\/insung-yoon-iioAHjNYA_o-unsplash-930x620.jpg 930w\" sizes=\"auto, (max-width: 1024px) 100vw, 1024px\" \/><\/figure>\n\n\n\n<h3 class=\"has-text-align-center has-nv-light-bg-color has-text-color wp-block-heading\">Parentalit\u00e9<br>P\u00e9rinatalit\u00e9<\/h3>\n\n\n\n<hr class=\"wp-block-separator has-text-color has-neve-button-color-color has-css-opacity has-neve-button-color-background-color has-background is-style-default\"\/>\n\n\n\n<p class=\"has-text-align-center has-nv-light-bg-color has-text-color\">Gr\u00e2ce \u00e0 nos outils et diff\u00e9rentes modalit\u00e9s d\u2019accompagnements, nous proposons de vous aider \u00e0 cheminer autour de plusieurs sujets du champ de la p\u00e9rinatalit\u00e9 (grossesse, parentalit\u00e9, PMA, deuil p\u00e9rinatal, endom\u00e9triose\u2026).<\/p>\n\n\n\n<div class=\"wp-block-buttons is-content-justification-center is-layout-flex wp-container-core-buttons-is-layout-16018d1d wp-block-buttons-is-layout-flex\">\n<div class=\"wp-block-button is-style-primary\"><a class=\"wp-block-button__link\" href=\"https:\/\/www.emvas.fr\/index.php\/parentalite-perinatal\/\">En savoir plus<\/a><\/div>\n<\/div>\n<\/div>\n\n\n\n<div class=\"wp-block-column is-layout-flow wp-block-column-is-layout-flow\">\n<figure class=\"wp-block-image size-large\"><img loading=\"lazy\" decoding=\"async\" width=\"1024\" height=\"683\" src=\"http:\/\/emvasfq.cluster029.hosting.ovh.net\/wp-content\/uploads\/2022\/04\/eli-defaria-vCzh1jOyre8-unsplash-1024x683.jpg\" alt=\"\" class=\"wp-image-106\" srcset=\"https:\/\/www.emvas.fr\/wp-content\/uploads\/2022\/04\/eli-defaria-vCzh1jOyre8-unsplash-1024x683.jpg 1024w, https:\/\/www.emvas.fr\/wp-content\/uploads\/2022\/04\/eli-defaria-vCzh1jOyre8-unsplash-300x200.jpg 300w, https:\/\/www.emvas.fr\/wp-content\/uploads\/2022\/04\/eli-defaria-vCzh1jOyre8-unsplash-768x512.jpg 768w, https:\/\/www.emvas.fr\/wp-content\/uploads\/2022\/04\/eli-defaria-vCzh1jOyre8-unsplash-1536x1024.jpg 1536w, https:\/\/www.emvas.fr\/wp-content\/uploads\/2022\/04\/eli-defaria-vCzh1jOyre8-unsplash-2048x1365.jpg 2048w, https:\/\/www.emvas.fr\/wp-content\/uploads\/2022\/04\/eli-defaria-vCzh1jOyre8-unsplash-930x620.jpg 930w\" sizes=\"auto, (max-width: 1024px) 100vw, 1024px\" \/><\/figure>\n\n\n\n<h3 class=\"has-text-align-center has-nv-light-bg-color has-text-color wp-block-heading\">Accompagnement de collectifs<\/h3>\n\n\n\n<hr class=\"wp-block-separator has-text-color has-neve-button-color-color has-css-opacity has-neve-button-color-background-color has-background is-style-default\"\/>\n\n\n\n<p class=\"has-text-align-center has-nv-light-bg-color has-text-color\">Un accompagnement holistique pour les collectifs (associations, entreprises\u2026) qui souhaitent renforcer l\u2019harmonie et le bien-\u00eatre au sein des \u00e9quipes, red\u00e9finir leurs valeurs, ou encore d\u00e9velopper certaines comp\u00e9tences\u2026<\/p>\n\n\n\n<div class=\"wp-block-buttons is-content-justification-center is-layout-flex wp-container-core-buttons-is-layout-16018d1d wp-block-buttons-is-layout-flex\">\n<div class=\"wp-block-button is-style-primary\"><a class=\"wp-block-button__link\" href=\"\/index.php\/parentalite-perinatal\">En savoir plus<\/a><\/div>\n<\/div>\n<\/div>\n<\/div>\n","protected":false},"excerpt":{"rendered":"<p>Notre Proposition un accompagnement sp\u00e9cialis\u00e9 \u00e0 destination des cavalier-\u00e8re-s et passionn\u00e9-e-s du monde du cheval pour devenir \u00ab\u00a0l&rsquo;humain-e dont votre cheval a besoin\u00a0\u00bb. un accompagnement sp\u00e9cifique autour de la parentalit\u00e9 et de la p\u00e9rinatalit\u00e9 (parcours PMA, grossesse, deuil p\u00e9rinatal, pr\u00e9vention du burn out parental, etc.). des activit\u00e9s d\u2019\u00e9panouissement personnel\u00a0 des activit\u00e9s de reconnexion \u00e0 la&hellip;&nbsp;<a href=\"https:\/\/www.emvas.fr\/index.php\/nos-activites\/\" class=\"\" rel=\"bookmark\">Lire la suite &raquo;<span class=\"screen-reader-text\">Nos Activit\u00e9s<\/span><\/a><\/p>\n","protected":false},"author":1,"featured_media":0,"parent":0,"menu_order":0,"comment_status":"closed","ping_status":"closed","template":"","meta":{"neve_meta_sidebar":"","neve_meta_container":"","neve_meta_enable_content_width":"","neve_meta_content_width":0,"neve_meta_title_alignment":"","neve_meta_author_avatar":"","neve_post_elements_order":"","neve_meta_disable_header":"","neve_meta_disable_footer":"","neve_meta_disable_title":"","footnotes":""},"class_list":["post-30","page","type-page","status-publish","hentry"],"_links":{"self":[{"href":"https:\/\/www.emvas.fr\/index.php\/wp-json\/wp\/v2\/pages\/30","targetHints":{"allow":["GET"]}}],"collection":[{"href":"https:\/\/www.emvas.fr\/index.php\/wp-json\/wp\/v2\/pages"}],"about":[{"href":"https:\/\/www.emvas.fr\/index.php\/wp-json\/wp\/v2\/types\/page"}],"author":[{"embeddable":true,"href":"https:\/\/www.emvas.fr\/index.php\/wp-json\/wp\/v2\/users\/1"}],"replies":[{"embeddable":true,"href":"https:\/\/www.emvas.fr\/index.php\/wp-json\/wp\/v2\/comments?post=30"}],"version-history":[{"count":8,"href":"https:\/\/www.emvas.fr\/index.php\/wp-json\/wp\/v2\/pages\/30\/revisions"}],"predecessor-version":[{"id":248,"href":"https:\/\/www.emvas.fr\/index.php\/wp-json\/wp\/v2\/pages\/30\/revisions\/248"}],"wp:attachment":[{"href":"https:\/\/www.emvas.fr\/index.php\/wp-json\/wp\/v2\/media?parent=30"}],"curies":[{"name":"wp","href":"https:\/\/api.w.org\/{rel}","templated":true}]}}